{"id":405,"date":"2017-01-26T10:40:04","date_gmt":"2017-01-26T10:40:04","guid":{"rendered":"https:\/\/motors.stylemixthemes.com\/?page_id=405"},"modified":"2023-09-13T11:13:34","modified_gmt":"2023-09-13T11:13:34","slug":"about","status":"publish","type":"page","link":"https:\/\/cruisecarrentals.com\/pl\/about\/","title":{"rendered":"O Nas"},"content":{"rendered":"<div class=\"wpb-content-wrapper\"><div class=\"vc_row wpb_row vc_row-fluid vc_custom_1485428309292\"><div class=\"stm-col-pad-right wpb_column vc_column_container vc_col-sm-6\"><div class=\"vc_column-inner\"><div class=\"wpb_wrapper\">\n\t<div class=\"wpb_single_image wpb_content_element vc_align_center  vc_custom_1692388672277\">\n\t\t<div class=\"wpb_wrapper\">\n\t\t\t\n\t\t\t<a class=\"stm_fancybox\" href=\"https:\/\/i0.wp.com\/cruisecarrentals.com\/wp-content\/uploads\/2023\/08\/1-1-scaled.jpg?fit=1024%2C683&amp;ssl=1\" target=\"_self\"><div class=\"vc_single_image-wrapper   vc_box_border_grey\"><img loading=\"lazy\" decoding=\"async\" width=\"2560\" height=\"1707\" src=\"https:\/\/i0.wp.com\/cruisecarrentals.com\/wp-content\/uploads\/2023\/08\/1-1-scaled.jpg?fit=2560%2C1707&amp;ssl=1\" class=\"vc_single_image-img attachment-full\" alt=\"\" title=\"Starszy,W,Samochodzie,Salonie.,Stary,Kupuje Samoch\u00f3d.\" srcset=\"https:\/\/i0.wp.com\/cruisecarrentals.com\/wp-content\/uploads\/2023\/08\/1-1-scaled.jpg?w=2560&amp;ssl=1 2560w, https:\/\/i0.wp.com\/cruisecarrentals.com\/wp-content\/uploads\/2023\/08\/1-1-scaled.jpg?resize=300%2C200&amp;ssl=1 300w, https:\/\/i0.wp.com\/cruisecarrentals.com\/wp-content\/uploads\/2023\/08\/1-1-scaled.jpg?resize=1024%2C683&amp;ssl=1 1024w, https:\/\/i0.wp.com\/cruisecarrentals.com\/wp-content\/uploads\/2023\/08\/1-1-scaled.jpg?resize=768%2C512&amp;ssl=1 768w, https:\/\/i0.wp.com\/cruisecarrentals.com\/wp-content\/uploads\/2023\/08\/1-1-scaled.jpg?resize=1536%2C1024&amp;ssl=1 1536w, https:\/\/i0.wp.com\/cruisecarrentals.com\/wp-content\/uploads\/2023\/08\/1-1-scaled.jpg?resize=2048%2C1365&amp;ssl=1 2048w, https:\/\/i0.wp.com\/cruisecarrentals.com\/wp-content\/uploads\/2023\/08\/1-1-scaled.jpg?resize=18%2C12&amp;ssl=1 18w, https:\/\/i0.wp.com\/cruisecarrentals.com\/wp-content\/uploads\/2023\/08\/1-1-scaled.jpg?resize=100%2C68&amp;ssl=1 100w, https:\/\/i0.wp.com\/cruisecarrentals.com\/wp-content\/uploads\/2023\/08\/1-1-scaled.jpg?resize=600%2C400&amp;ssl=1 600w\" sizes=\"(max-width: 1000px) 100vw, 1000px\" \/><\/div><\/a>\n\t\t<\/div>\n\t<\/div>\n<\/div><\/div><\/div><div class=\"stm-col-pad-left wpb_column vc_column_container vc_col-sm-6\"><div class=\"vc_column-inner\"><div class=\"wpb_wrapper\">\n\t<div class=\"wpb_text_column wpb_content_element vc_custom_1692388650835\" >\n\t\t<div class=\"wpb_wrapper\">\n\t\t\t<h3 style=\"margin-bottom: 18px; text-align: left;\"><span style=\"color: #2b285f;\">WITAMY W<\/span>\u00a0<span style=\"color: #ffe53d;\">CRUISE CAR RENTAL<\/span><\/h3>\n<p style=\"margin-bottom: 26px; text-align: Justify;\"><span style=\"color: #2b285f;\">Jako CEO Cruise Car Rental LTD, jestem dumny, \u017ce mog\u0119 przewodzi\u0107 zespo\u0142owi oddanych profesjonalist\u00f3w, kt\u00f3rzy s\u0105 oddani zapewnianiu naszym klientom jak najlepszych do\u015bwiadcze\u0144 zwi\u0105zanych z wynajmem samochod\u00f3w. Rozumiemy, \u017ce wynajem samochodu mo\u017ce by\u0107 stresuj\u0105cym do\u015bwiadczeniem, dlatego naszym priorytetem jest uczynienie tego procesu tak \u0142atwym i wygodnym, jak to tylko mo\u017cliwe. Oferujemy szerok\u0105 gam\u0119 pojazd\u00f3w do wyboru, konkurencyjne ceny i doskona\u0142\u0105 obs\u0142ug\u0119 klienta.<\/span><\/p>\n<p style=\"margin-bottom: 26px; text-align: Justify;\"><span style=\"color: #2b285f;\">Wierzymy, \u017ce Cruise Car Rental jest najlepsz\u0105 wypo\u017cyczalni\u0105 samochod\u00f3w w bran\u017cy. Jeste\u015bmy zobowi\u0105zani do zapewniania naszym klientom najwy\u017cszego poziomu us\u0142ug i zawsze szukamy sposob\u00f3w na popraw\u0119. Dzi\u0119kujemy za wybranie Cruise Car Rental na Tw\u00f3j nast\u0119pny wynajem samochodu.<\/span><\/p>\n<p class=\"translation-block\"><span style=\"color: #2b285f\"><em>\u00a0\u2014 Joe <span style=\"color: #2b285f\">Feghaly,<\/span> Prezes firmy Cruise Car Rental LTD<\/em><\/span><\/p>\n\n\t\t<\/div>\n\t<\/div>\n<\/div><\/div><\/div><\/div><div class=\"vc_row wpb_row vc_row-fluid vc_custom_1692209267668\"><div class=\"stm-col-pad-right wpb_column vc_column_container vc_col-sm-6\"><div class=\"vc_column-inner\"><div class=\"wpb_wrapper\">\n\t<div class=\"wpb_text_column wpb_content_element vc_custom_1692388637660\" >\n\t\t<div class=\"wpb_wrapper\">\n\t\t\t<h3><span style=\"color: #2b285f;\">WARTO\u015aCI PODSTAWOWE<\/span><\/h3>\n\n\t\t<\/div>\n\t<\/div>\n<div class=\"vc_separator wpb_content_element vc_separator_align_center vc_sep_width_100 vc_sep_pos_align_center vc_separator_no_text vc_sep_color_grey vc_custom_1692388749606 wpb_content_element  vc_custom_1692388749606 wpb_content_element\" ><span class=\"vc_sep_holder vc_sep_holder_l\"><span class=\"vc_sep_line\"><\/span><\/span><span class=\"vc_sep_holder vc_sep_holder_r\"><span class=\"vc_sep_line\"><\/span><\/span>\n<\/div>\n\t<div class=\"wpb_text_column wpb_content_element vc_custom_1692388629468\" >\n\t\t<div class=\"wpb_wrapper\">\n\t\t\t<p style=\"text-align: Justify;\"><span style=\"color: #2b285f; font-size: 13px;\"><strong>W Cruise Car Rental staramy si\u0119 zapewni\u0107 naszym klientom najlepsze mo\u017cliwe do\u015bwiadczenia zwi\u0105zane z wypo\u017cyczaniem samochod\u00f3w.<\/strong><\/span><\/p>\n\n\t\t<\/div>\n\t<\/div>\n\n\t<div class=\"wpb_text_column wpb_content_element vc_custom_1694603610972\" >\n\t\t<div class=\"wpb_wrapper\">\n\t\t\t<ul class=\"list-style-1\">\n<li style=\"text-align: Justify;\"><span style=\"color: #2b285f;\">Firma zobowi\u0105zuje si\u0119 do zapewnienia doskona\u0142ej obs\u0142ugi klienta i spe\u0142niania jego potrzeb.<\/span><\/li>\n<li style=\"text-align: Justify;\"><span style=\"color: #2b285f;\">W kontaktach z klientami, pracownikami i partnerami kierujemy si\u0119 uczciwo\u015bci\u0105 i rzetelno\u015bci\u0105.<\/span><\/li>\n<li style=\"text-align: Justify;\"><span style=\"color: #2b285f;\">Nasz zesp\u00f3\u0142 wierzy, \u017ce praca zespo\u0142owa jest podstaw\u0105 sukcesu i \u017ce ka\u017cdy w firmie ma swoj\u0105 rol\u0119 do odegrania w osi\u0105ganiu cel\u00f3w.<\/span><\/li>\n<li style=\"text-align: Justify;\"><span style=\"color: #2b285f;\">Ci\u0105gle poszukujemy nowych sposob\u00f3w na udoskonalenie naszych us\u0142ug i utrzymanie przewagi nad konkurencj\u0105.<\/span><\/li>\n<\/ul>\n\n\t\t<\/div>\n\t<\/div>\n<\/div><\/div><\/div><div class=\"stm-col-pad-left wpb_column vc_column_container vc_col-sm-6\"><div class=\"vc_column-inner vc_custom_1692388579268\"><div class=\"wpb_wrapper\">\n\t<div class=\"wpb_single_image wpb_content_element vc_align_center  vc_custom_1692388684476\">\n\t\t<div class=\"wpb_wrapper\">\n\t\t\t\n\t\t\t<a class=\"stm_fancybox\" href=\"https:\/\/i0.wp.com\/cruisecarrentals.com\/wp-content\/uploads\/2023\/08\/8-1-scaled.jpg?fit=1024%2C683&amp;ssl=1\" target=\"_self\"><div class=\"vc_single_image-wrapper   vc_box_border_grey\"><img loading=\"lazy\" decoding=\"async\" width=\"2560\" height=\"1707\" src=\"https:\/\/i0.wp.com\/cruisecarrentals.com\/wp-content\/uploads\/2023\/08\/8-1-scaled.jpg?fit=2560%2C1707&amp;ssl=1\" class=\"vc_single_image-img attachment-full\" alt=\"\" title=\"Nie Do Poznania, Klient Otrzymuje Klucze, Od,Wynaj\u0119tego, Pojazdu, Z, Mened\u017cera, Przeciwko\" srcset=\"https:\/\/i0.wp.com\/cruisecarrentals.com\/wp-content\/uploads\/2023\/08\/8-1-scaled.jpg?w=2560&amp;ssl=1 2560w, https:\/\/i0.wp.com\/cruisecarrentals.com\/wp-content\/uploads\/2023\/08\/8-1-scaled.jpg?resize=300%2C200&amp;ssl=1 300w, https:\/\/i0.wp.com\/cruisecarrentals.com\/wp-content\/uploads\/2023\/08\/8-1-scaled.jpg?resize=1024%2C683&amp;ssl=1 1024w, https:\/\/i0.wp.com\/cruisecarrentals.com\/wp-content\/uploads\/2023\/08\/8-1-scaled.jpg?resize=768%2C512&amp;ssl=1 768w, https:\/\/i0.wp.com\/cruisecarrentals.com\/wp-content\/uploads\/2023\/08\/8-1-scaled.jpg?resize=1536%2C1024&amp;ssl=1 1536w, https:\/\/i0.wp.com\/cruisecarrentals.com\/wp-content\/uploads\/2023\/08\/8-1-scaled.jpg?resize=2048%2C1365&amp;ssl=1 2048w, https:\/\/i0.wp.com\/cruisecarrentals.com\/wp-content\/uploads\/2023\/08\/8-1-scaled.jpg?resize=18%2C12&amp;ssl=1 18w, https:\/\/i0.wp.com\/cruisecarrentals.com\/wp-content\/uploads\/2023\/08\/8-1-scaled.jpg?resize=100%2C68&amp;ssl=1 100w, https:\/\/i0.wp.com\/cruisecarrentals.com\/wp-content\/uploads\/2023\/08\/8-1-scaled.jpg?resize=600%2C400&amp;ssl=1 600w\" sizes=\"(max-width: 1000px) 100vw, 1000px\" \/><\/div><\/a>\n\t\t<\/div>\n\t<\/div>\n<\/div><\/div><\/div><\/div><div data-vc-full-width=\"true\" data-vc-full-width-init=\"false\" class=\"vc_row wpb_row vc_row-fluid vc_custom_1692388827654\"><div class=\"wpb_column vc_column_container vc_col-sm-12\"><div class=\"vc_column-inner\"><div class=\"wpb_wrapper\">\n<div class=\"stm-carousel-brands owl-carousel partners-carousel-96505\">\n\n\t\n\t\t\t<div class=\"brands-carousel-item\">\n\t\t\t\t<div class=\"brands-carousel-item-inner\">\n\t\t\t\t\t<img decoding=\"async\" class=\"\" src=\"https:\/\/i0.wp.com\/cruisecarrentals.com\/wp-content\/uploads\/2023\/08\/Untitled-12-100x100.png\" width=\"100\" height=\"100\" alt=\"Untitled-12\" loading=\"lazy\" \/>\t\t\t\t<\/div>\n\t\t\t<\/div>\n\n\t\t\t\n\t\t\t<div class=\"brands-carousel-item\">\n\t\t\t\t<div class=\"brands-carousel-item-inner\">\n\t\t\t\t\t<img decoding=\"async\" class=\"\" src=\"https:\/\/i0.wp.com\/cruisecarrentals.com\/wp-content\/uploads\/2023\/08\/Untitled-3-100x100.png\" width=\"100\" height=\"100\" alt=\"Untitled-3\" loading=\"lazy\" \/>\t\t\t\t<\/div>\n\t\t\t<\/div>\n\n\t\t\t\n\t\t\t<div class=\"brands-carousel-item\">\n\t\t\t\t<div class=\"brands-carousel-item-inner\">\n\t\t\t\t\t<img decoding=\"async\" class=\"\" src=\"https:\/\/i0.wp.com\/cruisecarrentals.com\/wp-content\/uploads\/2023\/08\/Untitled-1-100x100.png\" width=\"100\" height=\"100\" alt=\"Untitled-1\" loading=\"lazy\" \/>\t\t\t\t<\/div>\n\t\t\t<\/div>\n\n\t\t\t\n\t\t\t<div class=\"brands-carousel-item\">\n\t\t\t\t<div class=\"brands-carousel-item-inner\">\n\t\t\t\t\t<img decoding=\"async\" class=\"\" src=\"https:\/\/i0.wp.com\/cruisecarrentals.com\/wp-content\/uploads\/2023\/08\/Untitled-11-100x100.png\" width=\"100\" height=\"100\" alt=\"Untitled-11\" loading=\"lazy\" \/>\t\t\t\t<\/div>\n\t\t\t<\/div>\n\n\t\t\t\n\t\t\t<div class=\"brands-carousel-item\">\n\t\t\t\t<div class=\"brands-carousel-item-inner\">\n\t\t\t\t\t<img decoding=\"async\" class=\"\" src=\"https:\/\/i0.wp.com\/cruisecarrentals.com\/wp-content\/uploads\/2023\/08\/Untitled-7-100x100.png\" width=\"100\" height=\"100\" alt=\"Untitled-7\" loading=\"lazy\" \/>\t\t\t\t<\/div>\n\t\t\t<\/div>\n\n\t\t\t\n\t\t\t<div class=\"brands-carousel-item\">\n\t\t\t\t<div class=\"brands-carousel-item-inner\">\n\t\t\t\t\t<img decoding=\"async\" class=\"\" src=\"https:\/\/i0.wp.com\/cruisecarrentals.com\/wp-content\/uploads\/2023\/08\/Untitled-8-100x100.png\" width=\"100\" height=\"100\" alt=\"Untitled-8\" loading=\"lazy\" \/>\t\t\t\t<\/div>\n\t\t\t<\/div>\n\n\t\t\t\n\t\t\t<div class=\"brands-carousel-item\">\n\t\t\t\t<div class=\"brands-carousel-item-inner\">\n\t\t\t\t\t<img decoding=\"async\" class=\"\" src=\"https:\/\/i0.wp.com\/cruisecarrentals.com\/wp-content\/uploads\/2023\/08\/Untitled-5-100x100.png\" width=\"100\" height=\"100\" alt=\"Untitled-5\" loading=\"lazy\" \/>\t\t\t\t<\/div>\n\t\t\t<\/div>\n\n\t\t\t\n<\/div>\n\n<script>\n\t(function($) {\n\t\t\"use strict\";\n\n\t\tvar $owl = $('.partners-carousel-96505');\n\n\t\tvar owlRtl = false;\n\t\tif( $('body').hasClass('rtl') ) {\n\t\t\towlRtl = true;\n\t\t}\n\n\t\t$(document).ready(function () {\n\t\t\t$owl.owlCarousel({\n\t\t\t\trtl: owlRtl,\n\t\t\t\titems: 3,\n\t\t\t\tsmartSpeed: 800,\n\t\t\t\tdots: false,\n\t\t\t\tmargin:10,\n\t\t\t\tnav:true,\n\t\t\t\tnavElement: 'div',\n\t\t\t\tautoplay: false,\n\t\t\t\tloop: true,\n\t\t\t\tnavText: '',\n\t\t\t\tresponsiveRefreshRate: 100,\n\t\t\t\tresponsive:{\n\t\t\t\t\t0:{\n\t\t\t\t\t\titems:2\n\t\t\t\t\t},\n\t\t\t\t\t500:{\n\t\t\t\t\t\titems:3\n\t\t\t\t\t},\n\t\t\t\t\t768:{\n\t\t\t\t\t\titems:4\n\t\t\t\t\t},\n\t\t\t\t\t992: {\n\t\t\t\t\t\titems: 7\t\n\t\t\t\t\t},\n\t\t\t\t\t1025:{\n\t\t\t\t\t\titems:7\t\t\t\t\t}\n\t\t\t\t}\n\t\t\t});\n\t\t\t$owl.on('click','.stm-owl-prev', function(){\n\t\t\t\t$owl.trigger('prev.owl.carousel');\n\t\t\t})\n\t\t\t$owl.on('click','.stm-owl-next', function(){\n\t\t\t\t$owl.trigger('next.owl.carousel');\n\t\t\t})\n\t\t});\n\t})(jQuery);\n<\/script>\n<\/div><\/div><\/div><\/div><div class=\"vc_row-full-width\"><\/div>\n<\/div>","protected":false},"excerpt":{"rendered":"WELCOME TO\u00a0CRUISE CAR RENTAL As the CEO of Cruise Car Rental LTD, I am proud to lead a team of dedicated professionals who are committed to providing our customers with the best possible car rental experience. We understand that renting a car can be a stressful experience, so we make it our top priority to...","protected":false},"author":1,"featured_media":0,"parent":0,"menu_order":0,"comment_status":"closed","ping_status":"closed","template":"","meta":{"nf_dc_page":"","footnotes":""},"class_list":["post-405","page","type-page","status-publish","hentry"],"yoast_head":"<!-- This site is optimized with the Yoast SEO plugin v27.4 - https:\/\/yoast.com\/product\/yoast-seo-wordpress\/ -->\n<title>About - Cruise Car Rental<\/title>\n<meta name=\"robots\" content=\"index, follow, max-snippet:-1, max-image-preview:large, max-video-preview:-1\" \/>\n<link rel=\"canonical\" href=\"https:\/\/cruisecarrentals.com\/pl\/about\/\" \/>\n<meta property=\"og:locale\" content=\"pl_PL\" \/>\n<meta property=\"og:type\" content=\"article\" \/>\n<meta property=\"og:title\" content=\"About - Cruise Car Rental\" \/>\n<meta property=\"og:url\" content=\"https:\/\/cruisecarrentals.com\/pl\/about\/\" \/>\n<meta property=\"og:site_name\" content=\"Cruise Car Rental\" \/>\n<meta property=\"article:modified_time\" content=\"2023-09-13T11:13:34+00:00\" \/>\n<meta name=\"twitter:card\" content=\"summary_large_image\" \/>\n<meta name=\"twitter:label1\" content=\"Szacowany czas czytania\" \/>\n\t<meta name=\"twitter:data1\" content=\"3 minuty\" \/>\n<script type=\"application\/ld+json\" class=\"yoast-schema-graph\">{\"@context\":\"https:\\\/\\\/schema.org\",\"@graph\":[{\"@type\":\"WebPage\",\"@id\":\"https:\\\/\\\/cruisecarrentals.com\\\/about\\\/\",\"url\":\"https:\\\/\\\/cruisecarrentals.com\\\/about\\\/\",\"name\":\"About - Cruise Car Rental\",\"isPartOf\":{\"@id\":\"https:\\\/\\\/cruisecarrentals.com\\\/en\\\/#website\"},\"datePublished\":\"2017-01-26T10:40:04+00:00\",\"dateModified\":\"2023-09-13T11:13:34+00:00\",\"inLanguage\":\"pl-PL\",\"potentialAction\":[{\"@type\":\"ReadAction\",\"target\":[\"https:\\\/\\\/cruisecarrentals.com\\\/about\\\/\"]}]},{\"@type\":\"WebSite\",\"@id\":\"https:\\\/\\\/cruisecarrentals.com\\\/en\\\/#website\",\"url\":\"https:\\\/\\\/cruisecarrentals.com\\\/en\\\/\",\"name\":\"Cruise Car Rental\",\"description\":\"Rent A Car or Request a Taxi in Cyprus\",\"publisher\":{\"@id\":\"https:\\\/\\\/cruisecarrentals.com\\\/en\\\/#organization\"},\"potentialAction\":[{\"@type\":\"SearchAction\",\"target\":{\"@type\":\"EntryPoint\",\"urlTemplate\":\"https:\\\/\\\/cruisecarrentals.com\\\/en\\\/?s={search_term_string}\"},\"query-input\":{\"@type\":\"PropertyValueSpecification\",\"valueRequired\":true,\"valueName\":\"search_term_string\"}}],\"inLanguage\":\"pl-PL\"},{\"@type\":\"Organization\",\"@id\":\"https:\\\/\\\/cruisecarrentals.com\\\/en\\\/#organization\",\"name\":\"Cruise Car Rental\",\"url\":\"https:\\\/\\\/cruisecarrentals.com\\\/en\\\/\",\"logo\":{\"@type\":\"ImageObject\",\"inLanguage\":\"pl-PL\",\"@id\":\"https:\\\/\\\/cruisecarrentals.com\\\/en\\\/#\\\/schema\\\/logo\\\/image\\\/\",\"url\":\"https:\\\/\\\/cruisecr.com\\\/wp-content\\\/uploads\\\/2023\\\/09\\\/TG-JrentalcarlogosYELLOW.png\",\"contentUrl\":\"https:\\\/\\\/cruisecr.com\\\/wp-content\\\/uploads\\\/2023\\\/09\\\/TG-JrentalcarlogosYELLOW.png\",\"width\":3508,\"height\":3508,\"caption\":\"Cruise Car Rental\"},\"image\":{\"@id\":\"https:\\\/\\\/cruisecarrentals.com\\\/en\\\/#\\\/schema\\\/logo\\\/image\\\/\"}}]}<\/script>\n<!-- \/ Yoast SEO plugin. -->","yoast_head_json":{"title":"About - Cruise Car Rental","robots":{"index":"index","follow":"follow","max-snippet":"max-snippet:-1","max-image-preview":"max-image-preview:large","max-video-preview":"max-video-preview:-1"},"canonical":"https:\/\/cruisecarrentals.com\/pl\/about\/","og_locale":"pl_PL","og_type":"article","og_title":"About - Cruise Car Rental","og_url":"https:\/\/cruisecarrentals.com\/pl\/about\/","og_site_name":"Cruise Car Rental","article_modified_time":"2023-09-13T11:13:34+00:00","twitter_card":"summary_large_image","twitter_misc":{"Szacowany czas czytania":"3 minuty"},"schema":{"@context":"https:\/\/schema.org","@graph":[{"@type":"WebPage","@id":"https:\/\/cruisecarrentals.com\/about\/","url":"https:\/\/cruisecarrentals.com\/about\/","name":"About - Cruise Car Rental","isPartOf":{"@id":"https:\/\/cruisecarrentals.com\/en\/#website"},"datePublished":"2017-01-26T10:40:04+00:00","dateModified":"2023-09-13T11:13:34+00:00","inLanguage":"pl-PL","potentialAction":[{"@type":"ReadAction","target":["https:\/\/cruisecarrentals.com\/about\/"]}]},{"@type":"WebSite","@id":"https:\/\/cruisecarrentals.com\/en\/#website","url":"https:\/\/cruisecarrentals.com\/en\/","name":"Cruise Car Rental","description":"Rent A Car or Request a Taxi in Cyprus","publisher":{"@id":"https:\/\/cruisecarrentals.com\/en\/#organization"},"potentialAction":[{"@type":"SearchAction","target":{"@type":"EntryPoint","urlTemplate":"https:\/\/cruisecarrentals.com\/en\/?s={search_term_string}"},"query-input":{"@type":"PropertyValueSpecification","valueRequired":true,"valueName":"search_term_string"}}],"inLanguage":"pl-PL"},{"@type":"Organization","@id":"https:\/\/cruisecarrentals.com\/en\/#organization","name":"Cruise Car Rental","url":"https:\/\/cruisecarrentals.com\/en\/","logo":{"@type":"ImageObject","inLanguage":"pl-PL","@id":"https:\/\/cruisecarrentals.com\/en\/#\/schema\/logo\/image\/","url":"https:\/\/cruisecr.com\/wp-content\/uploads\/2023\/09\/TG-JrentalcarlogosYELLOW.png","contentUrl":"https:\/\/cruisecr.com\/wp-content\/uploads\/2023\/09\/TG-JrentalcarlogosYELLOW.png","width":3508,"height":3508,"caption":"Cruise Car Rental"},"image":{"@id":"https:\/\/cruisecarrentals.com\/en\/#\/schema\/logo\/image\/"}}]}},"jetpack_sharing_enabled":true,"_links":{"self":[{"href":"https:\/\/cruisecarrentals.com\/pl\/wp-json\/wp\/v2\/pages\/405","targetHints":{"allow":["GET"]}}],"collection":[{"href":"https:\/\/cruisecarrentals.com\/pl\/wp-json\/wp\/v2\/pages"}],"about":[{"href":"https:\/\/cruisecarrentals.com\/pl\/wp-json\/wp\/v2\/types\/page"}],"author":[{"embeddable":true,"href":"https:\/\/cruisecarrentals.com\/pl\/wp-json\/wp\/v2\/users\/1"}],"replies":[{"embeddable":true,"href":"https:\/\/cruisecarrentals.com\/pl\/wp-json\/wp\/v2\/comments?post=405"}],"version-history":[{"count":0,"href":"https:\/\/cruisecarrentals.com\/pl\/wp-json\/wp\/v2\/pages\/405\/revisions"}],"wp:attachment":[{"href":"https:\/\/cruisecarrentals.com\/pl\/wp-json\/wp\/v2\/media?parent=405"}],"curies":[{"name":"wp","href":"https:\/\/api.w.org\/{rel}","templated":true}]}}