{"id":849,"date":"2023-08-31T12:00:43","date_gmt":"2023-08-31T12:00:43","guid":{"rendered":"https:\/\/cruisecr.com\/?post_type=product&#038;p=849"},"modified":"2025-08-12T15:31:03","modified_gmt":"2025-08-12T15:31:03","slug":"toyota-yaris","status":"publish","type":"product","link":"https:\/\/cruisecarrentals.com\/hu\/termek\/toyota-yaris\/","title":{"rendered":"Toyota Yaris"},"content":{"rendered":"","protected":false},"excerpt":{"rendered":"<ul>\n<li>R\u00e1di\u00f3<\/li>\n<li>MP3 Interface<\/li>\n<li>Bluetooth<\/li>\n<li>NAK NEK<\/li>\n<\/ul>\n<ul>\n<li>K\u00f6zponti z\u00e1r<\/li>\n<li>F\u0171t\u00e9s<\/li>\n<li>H\u0171t\u00e9s<\/li>\n<li>K\u00f6nny\u0171f\u00e9m ker\u00e9kt\u00e1rcs\u00e1k<\/li>\n<\/ul>","protected":false},"featured_media":1156,"template":"","meta":{"nf_dc_page":""},"product_brand":[],"product_cat":[18],"product_tag":[],"class_list":{"0":"post-849","1":"product","2":"type-product","3":"status-publish","4":"has-post-thumbnail","6":"product_cat-cars-for-rent","8":"first","9":"instock","10":"shipping-taxable","11":"purchasable","12":"product-type-variable"},"yoast_head":"<!-- This site is optimized with the Yoast SEO plugin v27.4 - https:\/\/yoast.com\/product\/yoast-seo-wordpress\/ -->\n<title>Toyota Yaris - Cruise Car Rental<\/title>\n<meta name=\"robots\" content=\"index, follow, max-snippet:-1, max-image-preview:large, max-video-preview:-1\" \/>\n<link rel=\"canonical\" href=\"https:\/\/cruisecarrentals.com\/hu\/termek\/toyota-yaris\/\" \/>\n<meta property=\"og:locale\" content=\"hu_HU\" \/>\n<meta property=\"og:type\" content=\"article\" \/>\n<meta property=\"og:title\" content=\"Toyota Yaris - Cruise Car Rental\" \/>\n<meta property=\"og:description\" content=\"Radio  MP3 Interface  Bluetooth  AUX    Central Locking  Heating  Cooling  Alloy Wheels\" \/>\n<meta property=\"og:url\" content=\"https:\/\/cruisecarrentals.com\/hu\/termek\/toyota-yaris\/\" \/>\n<meta property=\"og:site_name\" content=\"Cruise Car Rental\" \/>\n<meta property=\"article:modified_time\" content=\"2025-08-12T15:31:03+00:00\" \/>\n<meta property=\"og:image\" content=\"https:\/\/cruisecarrentals.com\/wp-content\/uploads\/2023\/08\/Yaris-N-White-copy.png\" \/>\n\t<meta property=\"og:image:width\" content=\"2000\" \/>\n\t<meta property=\"og:image:height\" content=\"1333\" \/>\n\t<meta property=\"og:image:type\" content=\"image\/png\" \/>\n<meta name=\"twitter:card\" content=\"summary_large_image\" \/>\n<meta name=\"twitter:label1\" content=\"Becs\u00fclt olvas\u00e1si id\u0151\" \/>\n\t<meta name=\"twitter:data1\" content=\"1 perc\" \/>\n<script type=\"application\/ld+json\" class=\"yoast-schema-graph\">{\"@context\":\"https:\\\/\\\/schema.org\",\"@graph\":[{\"@type\":\"WebPage\",\"@id\":\"https:\\\/\\\/cruisecarrentals.com\\\/product\\\/toyota-yaris\\\/\",\"url\":\"https:\\\/\\\/cruisecarrentals.com\\\/product\\\/toyota-yaris\\\/\",\"name\":\"Toyota Yaris - Cruise Car Rental\",\"isPartOf\":{\"@id\":\"https:\\\/\\\/cruisecarrentals.com\\\/en\\\/#website\"},\"primaryImageOfPage\":{\"@id\":\"https:\\\/\\\/cruisecarrentals.com\\\/product\\\/toyota-yaris\\\/#primaryimage\"},\"image\":{\"@id\":\"https:\\\/\\\/cruisecarrentals.com\\\/product\\\/toyota-yaris\\\/#primaryimage\"},\"thumbnailUrl\":\"https:\\\/\\\/i0.wp.com\\\/cruisecarrentals.com\\\/wp-content\\\/uploads\\\/2023\\\/08\\\/Yaris-N-White-copy.png?fit=2000%2C1333&ssl=1\",\"datePublished\":\"2023-08-31T12:00:43+00:00\",\"dateModified\":\"2025-08-12T15:31:03+00:00\",\"breadcrumb\":{\"@id\":\"https:\\\/\\\/cruisecarrentals.com\\\/product\\\/toyota-yaris\\\/#breadcrumb\"},\"inLanguage\":\"hu\",\"potentialAction\":[{\"@type\":\"ReadAction\",\"target\":[\"https:\\\/\\\/cruisecarrentals.com\\\/product\\\/toyota-yaris\\\/\"]}]},{\"@type\":\"ImageObject\",\"inLanguage\":\"hu\",\"@id\":\"https:\\\/\\\/cruisecarrentals.com\\\/product\\\/toyota-yaris\\\/#primaryimage\",\"url\":\"https:\\\/\\\/i0.wp.com\\\/cruisecarrentals.com\\\/wp-content\\\/uploads\\\/2023\\\/08\\\/Yaris-N-White-copy.png?fit=2000%2C1333&ssl=1\",\"contentUrl\":\"https:\\\/\\\/i0.wp.com\\\/cruisecarrentals.com\\\/wp-content\\\/uploads\\\/2023\\\/08\\\/Yaris-N-White-copy.png?fit=2000%2C1333&ssl=1\",\"width\":2000,\"height\":1333},{\"@type\":\"BreadcrumbList\",\"@id\":\"https:\\\/\\\/cruisecarrentals.com\\\/product\\\/toyota-yaris\\\/#breadcrumb\",\"itemListElement\":[{\"@type\":\"ListItem\",\"position\":1,\"name\":\"Reservation\",\"item\":\"https:\\\/\\\/cruisecarrentals.com\\\/reservation\\\/\"},{\"@type\":\"ListItem\",\"position\":2,\"name\":\"Toyota Yaris\"}]},{\"@type\":\"WebSite\",\"@id\":\"https:\\\/\\\/cruisecarrentals.com\\\/en\\\/#website\",\"url\":\"https:\\\/\\\/cruisecarrentals.com\\\/en\\\/\",\"name\":\"Cruise Car Rental\",\"description\":\"Rent A Car or Request a Taxi in Cyprus\",\"publisher\":{\"@id\":\"https:\\\/\\\/cruisecarrentals.com\\\/en\\\/#organization\"},\"potentialAction\":[{\"@type\":\"SearchAction\",\"target\":{\"@type\":\"EntryPoint\",\"urlTemplate\":\"https:\\\/\\\/cruisecarrentals.com\\\/en\\\/?s={search_term_string}\"},\"query-input\":{\"@type\":\"PropertyValueSpecification\",\"valueRequired\":true,\"valueName\":\"search_term_string\"}}],\"inLanguage\":\"hu\"},{\"@type\":\"Organization\",\"@id\":\"https:\\\/\\\/cruisecarrentals.com\\\/en\\\/#organization\",\"name\":\"Cruise Car Rental\",\"url\":\"https:\\\/\\\/cruisecarrentals.com\\\/en\\\/\",\"logo\":{\"@type\":\"ImageObject\",\"inLanguage\":\"hu\",\"@id\":\"https:\\\/\\\/cruisecarrentals.com\\\/en\\\/#\\\/schema\\\/logo\\\/image\\\/\",\"url\":\"https:\\\/\\\/cruisecr.com\\\/wp-content\\\/uploads\\\/2023\\\/09\\\/TG-JrentalcarlogosYELLOW.png\",\"contentUrl\":\"https:\\\/\\\/cruisecr.com\\\/wp-content\\\/uploads\\\/2023\\\/09\\\/TG-JrentalcarlogosYELLOW.png\",\"width\":3508,\"height\":3508,\"caption\":\"Cruise Car Rental\"},\"image\":{\"@id\":\"https:\\\/\\\/cruisecarrentals.com\\\/en\\\/#\\\/schema\\\/logo\\\/image\\\/\"}}]}<\/script>\n<!-- \/ Yoast SEO plugin. -->","yoast_head_json":{"title":"Toyota Yaris - Cruise Car Rental","robots":{"index":"index","follow":"follow","max-snippet":"max-snippet:-1","max-image-preview":"max-image-preview:large","max-video-preview":"max-video-preview:-1"},"canonical":"https:\/\/cruisecarrentals.com\/hu\/termek\/toyota-yaris\/","og_locale":"hu_HU","og_type":"article","og_title":"Toyota Yaris - Cruise Car Rental","og_description":"Radio  MP3 Interface  Bluetooth  AUX    Central Locking  Heating  Cooling  Alloy Wheels","og_url":"https:\/\/cruisecarrentals.com\/hu\/termek\/toyota-yaris\/","og_site_name":"Cruise Car Rental","article_modified_time":"2025-08-12T15:31:03+00:00","og_image":[{"width":2000,"height":1333,"url":"https:\/\/cruisecarrentals.com\/wp-content\/uploads\/2023\/08\/Yaris-N-White-copy.png","type":"image\/png"}],"twitter_card":"summary_large_image","twitter_misc":{"Becs\u00fclt olvas\u00e1si id\u0151":"1 perc"},"schema":{"@context":"https:\/\/schema.org","@graph":[{"@type":"WebPage","@id":"https:\/\/cruisecarrentals.com\/product\/toyota-yaris\/","url":"https:\/\/cruisecarrentals.com\/product\/toyota-yaris\/","name":"Toyota Yaris - Cruise Car Rental","isPartOf":{"@id":"https:\/\/cruisecarrentals.com\/en\/#website"},"primaryImageOfPage":{"@id":"https:\/\/cruisecarrentals.com\/product\/toyota-yaris\/#primaryimage"},"image":{"@id":"https:\/\/cruisecarrentals.com\/product\/toyota-yaris\/#primaryimage"},"thumbnailUrl":"https:\/\/i0.wp.com\/cruisecarrentals.com\/wp-content\/uploads\/2023\/08\/Yaris-N-White-copy.png?fit=2000%2C1333&ssl=1","datePublished":"2023-08-31T12:00:43+00:00","dateModified":"2025-08-12T15:31:03+00:00","breadcrumb":{"@id":"https:\/\/cruisecarrentals.com\/product\/toyota-yaris\/#breadcrumb"},"inLanguage":"hu","potentialAction":[{"@type":"ReadAction","target":["https:\/\/cruisecarrentals.com\/product\/toyota-yaris\/"]}]},{"@type":"ImageObject","inLanguage":"hu","@id":"https:\/\/cruisecarrentals.com\/product\/toyota-yaris\/#primaryimage","url":"https:\/\/i0.wp.com\/cruisecarrentals.com\/wp-content\/uploads\/2023\/08\/Yaris-N-White-copy.png?fit=2000%2C1333&ssl=1","contentUrl":"https:\/\/i0.wp.com\/cruisecarrentals.com\/wp-content\/uploads\/2023\/08\/Yaris-N-White-copy.png?fit=2000%2C1333&ssl=1","width":2000,"height":1333},{"@type":"BreadcrumbList","@id":"https:\/\/cruisecarrentals.com\/product\/toyota-yaris\/#breadcrumb","itemListElement":[{"@type":"ListItem","position":1,"name":"Reservation","item":"https:\/\/cruisecarrentals.com\/reservation\/"},{"@type":"ListItem","position":2,"name":"Toyota Yaris"}]},{"@type":"WebSite","@id":"https:\/\/cruisecarrentals.com\/en\/#website","url":"https:\/\/cruisecarrentals.com\/en\/","name":"Cruise Car Rental","description":"Rent A Car or Request a Taxi in Cyprus","publisher":{"@id":"https:\/\/cruisecarrentals.com\/en\/#organization"},"potentialAction":[{"@type":"SearchAction","target":{"@type":"EntryPoint","urlTemplate":"https:\/\/cruisecarrentals.com\/en\/?s={search_term_string}"},"query-input":{"@type":"PropertyValueSpecification","valueRequired":true,"valueName":"search_term_string"}}],"inLanguage":"hu"},{"@type":"Organization","@id":"https:\/\/cruisecarrentals.com\/en\/#organization","name":"Cruise Car Rental","url":"https:\/\/cruisecarrentals.com\/en\/","logo":{"@type":"ImageObject","inLanguage":"hu","@id":"https:\/\/cruisecarrentals.com\/en\/#\/schema\/logo\/image\/","url":"https:\/\/cruisecr.com\/wp-content\/uploads\/2023\/09\/TG-JrentalcarlogosYELLOW.png","contentUrl":"https:\/\/cruisecr.com\/wp-content\/uploads\/2023\/09\/TG-JrentalcarlogosYELLOW.png","width":3508,"height":3508,"caption":"Cruise Car Rental"},"image":{"@id":"https:\/\/cruisecarrentals.com\/en\/#\/schema\/logo\/image\/"}}]}},"jetpack_sharing_enabled":true,"_links":{"self":[{"href":"https:\/\/cruisecarrentals.com\/hu\/wp-json\/wp\/v2\/product\/849","targetHints":{"allow":["GET"]}}],"collection":[{"href":"https:\/\/cruisecarrentals.com\/hu\/wp-json\/wp\/v2\/product"}],"about":[{"href":"https:\/\/cruisecarrentals.com\/hu\/wp-json\/wp\/v2\/types\/product"}],"wp:featuredmedia":[{"embeddable":true,"href":"https:\/\/cruisecarrentals.com\/hu\/wp-json\/wp\/v2\/media\/1156"}],"wp:attachment":[{"href":"https:\/\/cruisecarrentals.com\/hu\/wp-json\/wp\/v2\/media?parent=849"}],"wp:term":[{"taxonomy":"product_brand","embeddable":true,"href":"https:\/\/cruisecarrentals.com\/hu\/wp-json\/wp\/v2\/product_brand?post=849"},{"taxonomy":"product_cat","embeddable":true,"href":"https:\/\/cruisecarrentals.com\/hu\/wp-json\/wp\/v2\/product_cat?post=849"},{"taxonomy":"product_tag","embeddable":true,"href":"https:\/\/cruisecarrentals.com\/hu\/wp-json\/wp\/v2\/product_tag?post=849"}],"curies":[{"name":"wp","href":"https:\/\/api.w.org\/{rel}","templated":true}]}}