{"id":405,"date":"2017-01-26T10:40:04","date_gmt":"2017-01-26T10:40:04","guid":{"rendered":"https:\/\/motors.stylemixthemes.com\/?page_id=405"},"modified":"2023-09-13T11:13:34","modified_gmt":"2023-09-13T11:13:34","slug":"about","status":"publish","type":"page","link":"https:\/\/cruisecarrentals.com\/hu\/about\/","title":{"rendered":"K\u00f6r\u00fclbel\u00fcl"},"content":{"rendered":"<div class=\"wpb-content-wrapper\"><div class=\"vc_row wpb_row vc_row-fluid vc_custom_1485428309292\"><div class=\"stm-col-pad-right wpb_column vc_column_container vc_col-sm-6\"><div class=\"vc_column-inner\"><div class=\"wpb_wrapper\">\n\t<div class=\"wpb_single_image wpb_content_element vc_align_center  vc_custom_1692388672277\">\n\t\t<div class=\"wpb_wrapper\">\n\t\t\t\n\t\t\t<a class=\"stm_fancybox\" href=\"https:\/\/i0.wp.com\/cruisecarrentals.com\/wp-content\/uploads\/2023\/08\/1-1-scaled.jpg?fit=1024%2C683&amp;ssl=1\" target=\"_self\"><div class=\"vc_single_image-wrapper   vc_box_border_grey\"><img loading=\"lazy\" decoding=\"async\" width=\"2560\" height=\"1707\" src=\"https:\/\/i0.wp.com\/cruisecarrentals.com\/wp-content\/uploads\/2023\/08\/1-1-scaled.jpg?fit=2560%2C1707&amp;ssl=1\" class=\"vc_single_image-img attachment-full\" alt=\"\" title=\"A Rangid\u0151s,Egy,Aut\u00f3,Szalon.,\u00d6reg Ember,A V\u00e1s\u00e1rl\u00e1s,Az Aut\u00f3.\" srcset=\"https:\/\/i0.wp.com\/cruisecarrentals.com\/wp-content\/uploads\/2023\/08\/1-1-scaled.jpg?w=2560&amp;ssl=1 2560w, https:\/\/i0.wp.com\/cruisecarrentals.com\/wp-content\/uploads\/2023\/08\/1-1-scaled.jpg?resize=300%2C200&amp;ssl=1 300w, https:\/\/i0.wp.com\/cruisecarrentals.com\/wp-content\/uploads\/2023\/08\/1-1-scaled.jpg?resize=1024%2C683&amp;ssl=1 1024w, https:\/\/i0.wp.com\/cruisecarrentals.com\/wp-content\/uploads\/2023\/08\/1-1-scaled.jpg?resize=768%2C512&amp;ssl=1 768w, https:\/\/i0.wp.com\/cruisecarrentals.com\/wp-content\/uploads\/2023\/08\/1-1-scaled.jpg?resize=1536%2C1024&amp;ssl=1 1536w, https:\/\/i0.wp.com\/cruisecarrentals.com\/wp-content\/uploads\/2023\/08\/1-1-scaled.jpg?resize=2048%2C1365&amp;ssl=1 2048w, https:\/\/i0.wp.com\/cruisecarrentals.com\/wp-content\/uploads\/2023\/08\/1-1-scaled.jpg?resize=18%2C12&amp;ssl=1 18w, https:\/\/i0.wp.com\/cruisecarrentals.com\/wp-content\/uploads\/2023\/08\/1-1-scaled.jpg?resize=100%2C68&amp;ssl=1 100w, https:\/\/i0.wp.com\/cruisecarrentals.com\/wp-content\/uploads\/2023\/08\/1-1-scaled.jpg?resize=600%2C400&amp;ssl=1 600w\" sizes=\"(max-width: 1000px) 100vw, 1000px\" \/><\/div><\/a>\n\t\t<\/div>\n\t<\/div>\n<\/div><\/div><\/div><div class=\"stm-col-pad-left wpb_column vc_column_container vc_col-sm-6\"><div class=\"vc_column-inner\"><div class=\"wpb_wrapper\">\n\t<div class=\"wpb_text_column wpb_content_element vc_custom_1692388650835\" >\n\t\t<div class=\"wpb_wrapper\">\n\t\t\t<h3 style=\"margin-bottom: 18px; text-align: left;\"><span style=\"color: #2b285f;\">\u00dcDV<\/span>\u00a0<span style=\"color: #ffe53d;\">CRUISE AUT\u00d3K\u00d6LCS\u00d6NZ\u00c9S<\/span><\/h3>\n<p style=\"margin-bottom: 26px; text-align: Justify;\"><span style=\"color: #2b285f;\">Mint a VEZ\u00c9RIGAZGAT\u00d3 Cruise aut\u00f3k\u00f6lcs\u00f6nz\u0151 KFT, b\u00fcszke vagyok arra, hogy vezet egy csapat lelkes szakemberek, akik elk\u00f6telezett amellett, hogy \u00fcgyfeleink sz\u00e1m\u00e1ra a lehet\u0151 legjobb aut\u00f3k\u00f6lcs\u00f6nz\u0151 tapasztalat. Meg\u00e9rtj\u00fck, hogy b\u00e9rel egy aut\u00f3t lehet egy stresszes \u00e9lm\u00e9ny, ez a legfontosabb, hogy a folyamat olyan k\u00f6nny\u0171, k\u00e9nyelmes, amennyire csak lehets\u00e9ges. K\u00edn\u00e1lunk sz\u00e9les j\u00e1rm\u0171vek k\u00f6z\u00fcl lehet v\u00e1lasztani, versenyk\u00e9pes \u00e1rak, kiv\u00e1l\u00f3 \u00fcgyf\u00e9lszolg\u00e1lat.<\/span><\/p>\n<p style=\"margin-bottom: 26px; text-align: Justify;\"><span style=\"color: #2b285f;\">\u00dagy gondoljuk, hogy Cruise aut\u00f3k\u00f6lcs\u00f6nz\u00e9s a legjobb aut\u00f3k\u00f6lcs\u00f6nz\u0151 c\u00e9g a szakm\u00e1ban. Elk\u00f6telezettek vagyunk, hogy \u00fcgyfeleinknek a legmagasabb szint\u0171 szolg\u00e1ltat\u00e1st, mi pedig mindig keresi a m\u00f3dj\u00e1t, hogy jav\u00edtani. K\u00f6sz\u00f6nj\u00fck, hogy Cruise aut\u00f3k\u00f6lcs\u00f6nz\u0151 a k\u00f6vetkez\u0151 aut\u00f3k\u00f6lcs\u00f6nz\u0151.<\/span><\/p>\n<p class=\"translation-block\"><span style=\"color: #2b285f;\"><em>&nbsp;\u2014 Joe <span style=\"color: #2b285f;\">Feghaly,<\/span> President of Cruise Car Rental LTD<\/em><\/span><\/p>\n\n\t\t<\/div>\n\t<\/div>\n<\/div><\/div><\/div><\/div><div class=\"vc_row wpb_row vc_row-fluid vc_custom_1692209267668\"><div class=\"stm-col-pad-right wpb_column vc_column_container vc_col-sm-6\"><div class=\"vc_column-inner\"><div class=\"wpb_wrapper\">\n\t<div class=\"wpb_text_column wpb_content_element vc_custom_1692388637660\" >\n\t\t<div class=\"wpb_wrapper\">\n\t\t\t<h3><span style=\"color: #2b285f;\">ALAPVET\u0150 \u00c9RT\u00c9KEK<\/span><\/h3>\n\n\t\t<\/div>\n\t<\/div>\n<div class=\"vc_separator wpb_content_element vc_separator_align_center vc_sep_width_100 vc_sep_pos_align_center vc_separator_no_text vc_sep_color_grey vc_custom_1692388749606 wpb_content_element  vc_custom_1692388749606 wpb_content_element\" ><span class=\"vc_sep_holder vc_sep_holder_l\"><span class=\"vc_sep_line\"><\/span><\/span><span class=\"vc_sep_holder vc_sep_holder_r\"><span class=\"vc_sep_line\"><\/span><\/span>\n<\/div>\n\t<div class=\"wpb_text_column wpb_content_element vc_custom_1692388629468\" >\n\t\t<div class=\"wpb_wrapper\">\n\t\t\t<p style=\"text-align: Justify;\"><span style=\"color: #2b285f; font-size: 13px;\"><strong>A Cruise aut\u00f3k\u00f6lcs\u00f6nz\u0151, elk\u00f6telezettek vagyunk, hogy \u00fcgyfeleinknek a lehet\u0151 legjobb aut\u00f3k\u00f6lcs\u00f6nz\u0151 tapasztalat.<\/strong><\/span><\/p>\n\n\t\t<\/div>\n\t<\/div>\n\n\t<div class=\"wpb_text_column wpb_content_element vc_custom_1694603610972\" >\n\t\t<div class=\"wpb_wrapper\">\n\t\t\t<ul class=\"list-style-1\">\n<li style=\"text-align: Justify;\"><span style=\"color: #2b285f;\">A v\u00e1llalat k\u00f6telezetts\u00e9get v\u00e1llalt arra, hogy kiv\u00e1l\u00f3 \u00fcgyf\u00e9lszolg\u00e1lat, majd a tal\u00e1lkoz\u00f3 a fogyaszt\u00f3k ig\u00e9nyeinek.<\/span><\/li>\n<li style=\"text-align: Justify;\"><span style=\"color: #2b285f;\">Mi m\u0171k\u00f6dik a becs\u00fclet, tisztess\u00e9g ebben a kapcsolatban az \u00fcgyfelek, alkalmazottak, partnerek.<\/span><\/li>\n<li style=\"text-align: Justify;\"><span style=\"color: #2b285f;\">A Csapat \u00fagy v\u00e9li, hogy a csapatmunka elengedhetetlen a sikerhez, valamint, hogy a c\u00e9gn\u00e9l mindenki szerepet j\u00e1tszik a c\u00e9lok el\u00e9r\u00e9s\u00e9re.<\/span><\/li>\n<li style=\"text-align: Justify;\"><span style=\"color: #2b285f;\">Folyamatosan keres\u00fcnk \u00faj m\u00f3dja, hogy jav\u00edtsa a szolg\u00e1ltat\u00e1s, valamint, hogy elromlik a piacon.<\/span><\/li>\n<\/ul>\n\n\t\t<\/div>\n\t<\/div>\n<\/div><\/div><\/div><div class=\"stm-col-pad-left wpb_column vc_column_container vc_col-sm-6\"><div class=\"vc_column-inner vc_custom_1692388579268\"><div class=\"wpb_wrapper\">\n\t<div class=\"wpb_single_image wpb_content_element vc_align_center  vc_custom_1692388684476\">\n\t\t<div class=\"wpb_wrapper\">\n\t\t\t\n\t\t\t<a class=\"stm_fancybox\" href=\"https:\/\/i0.wp.com\/cruisecarrentals.com\/wp-content\/uploads\/2023\/08\/8-1-scaled.jpg?fit=1024%2C683&amp;ssl=1\" target=\"_self\"><div class=\"vc_single_image-wrapper   vc_box_border_grey\"><img loading=\"lazy\" decoding=\"async\" width=\"2560\" height=\"1707\" src=\"https:\/\/i0.wp.com\/cruisecarrentals.com\/wp-content\/uploads\/2023\/08\/8-1-scaled.jpg?fit=2560%2C1707&amp;ssl=1\" class=\"vc_single_image-img attachment-full\" alt=\"\" title=\"Felismerhetetlen,\u00dcgyf\u00e9l Fogad\u00f3,Kulcsok,A Kiad\u00f3,A J\u00e1rm\u0171,A Menedzser Ellen\" srcset=\"https:\/\/i0.wp.com\/cruisecarrentals.com\/wp-content\/uploads\/2023\/08\/8-1-scaled.jpg?w=2560&amp;ssl=1 2560w, https:\/\/i0.wp.com\/cruisecarrentals.com\/wp-content\/uploads\/2023\/08\/8-1-scaled.jpg?resize=300%2C200&amp;ssl=1 300w, https:\/\/i0.wp.com\/cruisecarrentals.com\/wp-content\/uploads\/2023\/08\/8-1-scaled.jpg?resize=1024%2C683&amp;ssl=1 1024w, https:\/\/i0.wp.com\/cruisecarrentals.com\/wp-content\/uploads\/2023\/08\/8-1-scaled.jpg?resize=768%2C512&amp;ssl=1 768w, https:\/\/i0.wp.com\/cruisecarrentals.com\/wp-content\/uploads\/2023\/08\/8-1-scaled.jpg?resize=1536%2C1024&amp;ssl=1 1536w, https:\/\/i0.wp.com\/cruisecarrentals.com\/wp-content\/uploads\/2023\/08\/8-1-scaled.jpg?resize=2048%2C1365&amp;ssl=1 2048w, https:\/\/i0.wp.com\/cruisecarrentals.com\/wp-content\/uploads\/2023\/08\/8-1-scaled.jpg?resize=18%2C12&amp;ssl=1 18w, https:\/\/i0.wp.com\/cruisecarrentals.com\/wp-content\/uploads\/2023\/08\/8-1-scaled.jpg?resize=100%2C68&amp;ssl=1 100w, https:\/\/i0.wp.com\/cruisecarrentals.com\/wp-content\/uploads\/2023\/08\/8-1-scaled.jpg?resize=600%2C400&amp;ssl=1 600w\" sizes=\"(max-width: 1000px) 100vw, 1000px\" \/><\/div><\/a>\n\t\t<\/div>\n\t<\/div>\n<\/div><\/div><\/div><\/div><div data-vc-full-width=\"true\" data-vc-full-width-init=\"false\" class=\"vc_row wpb_row vc_row-fluid vc_custom_1692388827654\"><div class=\"wpb_column vc_column_container vc_col-sm-12\"><div class=\"vc_column-inner\"><div class=\"wpb_wrapper\">\n<div class=\"stm-carousel-brands owl-carousel partners-carousel-50410\">\n\n\t\n\t\t\t<div class=\"brands-carousel-item\">\n\t\t\t\t<div class=\"brands-carousel-item-inner\">\n\t\t\t\t\t<img decoding=\"async\" class=\"\" src=\"https:\/\/i0.wp.com\/cruisecarrentals.com\/wp-content\/uploads\/2023\/08\/Untitled-12-100x100.png\" width=\"100\" height=\"100\" alt=\"Untitled-12\" loading=\"lazy\" \/>\t\t\t\t<\/div>\n\t\t\t<\/div>\n\n\t\t\t\n\t\t\t<div class=\"brands-carousel-item\">\n\t\t\t\t<div class=\"brands-carousel-item-inner\">\n\t\t\t\t\t<img decoding=\"async\" class=\"\" src=\"https:\/\/i0.wp.com\/cruisecarrentals.com\/wp-content\/uploads\/2023\/08\/Untitled-3-100x100.png\" width=\"100\" height=\"100\" alt=\"Untitled-3\" loading=\"lazy\" \/>\t\t\t\t<\/div>\n\t\t\t<\/div>\n\n\t\t\t\n\t\t\t<div class=\"brands-carousel-item\">\n\t\t\t\t<div class=\"brands-carousel-item-inner\">\n\t\t\t\t\t<img decoding=\"async\" class=\"\" src=\"https:\/\/i0.wp.com\/cruisecarrentals.com\/wp-content\/uploads\/2023\/08\/Untitled-1-100x100.png\" width=\"100\" height=\"100\" alt=\"Untitled-1\" loading=\"lazy\" \/>\t\t\t\t<\/div>\n\t\t\t<\/div>\n\n\t\t\t\n\t\t\t<div class=\"brands-carousel-item\">\n\t\t\t\t<div class=\"brands-carousel-item-inner\">\n\t\t\t\t\t<img decoding=\"async\" class=\"\" src=\"https:\/\/i0.wp.com\/cruisecarrentals.com\/wp-content\/uploads\/2023\/08\/Untitled-11-100x100.png\" width=\"100\" height=\"100\" alt=\"Untitled-11\" loading=\"lazy\" \/>\t\t\t\t<\/div>\n\t\t\t<\/div>\n\n\t\t\t\n\t\t\t<div class=\"brands-carousel-item\">\n\t\t\t\t<div class=\"brands-carousel-item-inner\">\n\t\t\t\t\t<img decoding=\"async\" class=\"\" src=\"https:\/\/i0.wp.com\/cruisecarrentals.com\/wp-content\/uploads\/2023\/08\/Untitled-7-100x100.png\" width=\"100\" height=\"100\" alt=\"Untitled-7\" loading=\"lazy\" \/>\t\t\t\t<\/div>\n\t\t\t<\/div>\n\n\t\t\t\n\t\t\t<div class=\"brands-carousel-item\">\n\t\t\t\t<div class=\"brands-carousel-item-inner\">\n\t\t\t\t\t<img decoding=\"async\" class=\"\" src=\"https:\/\/i0.wp.com\/cruisecarrentals.com\/wp-content\/uploads\/2023\/08\/Untitled-8-100x100.png\" width=\"100\" height=\"100\" alt=\"Untitled-8\" loading=\"lazy\" \/>\t\t\t\t<\/div>\n\t\t\t<\/div>\n\n\t\t\t\n\t\t\t<div class=\"brands-carousel-item\">\n\t\t\t\t<div class=\"brands-carousel-item-inner\">\n\t\t\t\t\t<img decoding=\"async\" class=\"\" src=\"https:\/\/i0.wp.com\/cruisecarrentals.com\/wp-content\/uploads\/2023\/08\/Untitled-5-100x100.png\" width=\"100\" height=\"100\" alt=\"Untitled-5\" loading=\"lazy\" \/>\t\t\t\t<\/div>\n\t\t\t<\/div>\n\n\t\t\t\n<\/div>\n\n<script>\n\t(function($) {\n\t\t\"use strict\";\n\n\t\tvar $owl = $('.partners-carousel-50410');\n\n\t\tvar owlRtl = false;\n\t\tif( $('body').hasClass('rtl') ) {\n\t\t\towlRtl = true;\n\t\t}\n\n\t\t$(document).ready(function () {\n\t\t\t$owl.owlCarousel({\n\t\t\t\trtl: owlRtl,\n\t\t\t\titems: 3,\n\t\t\t\tsmartSpeed: 800,\n\t\t\t\tdots: false,\n\t\t\t\tmargin:10,\n\t\t\t\tnav:true,\n\t\t\t\tnavElement: 'div',\n\t\t\t\tautoplay: false,\n\t\t\t\tloop: true,\n\t\t\t\tnavText: '',\n\t\t\t\tresponsiveRefreshRate: 100,\n\t\t\t\tresponsive:{\n\t\t\t\t\t0:{\n\t\t\t\t\t\titems:2\n\t\t\t\t\t},\n\t\t\t\t\t500:{\n\t\t\t\t\t\titems:3\n\t\t\t\t\t},\n\t\t\t\t\t768:{\n\t\t\t\t\t\titems:4\n\t\t\t\t\t},\n\t\t\t\t\t992: {\n\t\t\t\t\t\titems: 7\t\n\t\t\t\t\t},\n\t\t\t\t\t1025:{\n\t\t\t\t\t\titems:7\t\t\t\t\t}\n\t\t\t\t}\n\t\t\t});\n\t\t\t$owl.on('click','.stm-owl-prev', function(){\n\t\t\t\t$owl.trigger('prev.owl.carousel');\n\t\t\t})\n\t\t\t$owl.on('click','.stm-owl-next', function(){\n\t\t\t\t$owl.trigger('next.owl.carousel');\n\t\t\t})\n\t\t});\n\t})(jQuery);\n<\/script>\n<\/div><\/div><\/div><\/div><div class=\"vc_row-full-width\"><\/div>\n<\/div>","protected":false},"excerpt":{"rendered":"WELCOME TO\u00a0CRUISE CAR RENTAL As the CEO of Cruise Car Rental LTD, I am proud to lead a team of dedicated professionals who are committed to providing our customers with the best possible car rental experience. We understand that renting a car can be a stressful experience, so we make it our top priority to...","protected":false},"author":1,"featured_media":0,"parent":0,"menu_order":0,"comment_status":"closed","ping_status":"closed","template":"","meta":{"nf_dc_page":"","footnotes":""},"class_list":["post-405","page","type-page","status-publish","hentry"],"yoast_head":"<!-- This site is optimized with the Yoast SEO plugin v27.4 - https:\/\/yoast.com\/product\/yoast-seo-wordpress\/ -->\n<title>About - Cruise Car Rental<\/title>\n<meta name=\"robots\" content=\"index, follow, max-snippet:-1, max-image-preview:large, max-video-preview:-1\" \/>\n<link rel=\"canonical\" href=\"https:\/\/cruisecarrentals.com\/hu\/about\/\" \/>\n<meta property=\"og:locale\" content=\"hu_HU\" \/>\n<meta property=\"og:type\" content=\"article\" \/>\n<meta property=\"og:title\" content=\"About - Cruise Car Rental\" \/>\n<meta property=\"og:url\" content=\"https:\/\/cruisecarrentals.com\/hu\/about\/\" \/>\n<meta property=\"og:site_name\" content=\"Cruise Car Rental\" \/>\n<meta property=\"article:modified_time\" content=\"2023-09-13T11:13:34+00:00\" \/>\n<meta name=\"twitter:card\" content=\"summary_large_image\" \/>\n<meta name=\"twitter:label1\" content=\"Becs\u00fclt olvas\u00e1si id\u0151\" \/>\n\t<meta name=\"twitter:data1\" content=\"3 perc\" \/>\n<script type=\"application\/ld+json\" class=\"yoast-schema-graph\">{\"@context\":\"https:\\\/\\\/schema.org\",\"@graph\":[{\"@type\":\"WebPage\",\"@id\":\"https:\\\/\\\/cruisecarrentals.com\\\/about\\\/\",\"url\":\"https:\\\/\\\/cruisecarrentals.com\\\/about\\\/\",\"name\":\"About - Cruise Car Rental\",\"isPartOf\":{\"@id\":\"https:\\\/\\\/cruisecarrentals.com\\\/en\\\/#website\"},\"datePublished\":\"2017-01-26T10:40:04+00:00\",\"dateModified\":\"2023-09-13T11:13:34+00:00\",\"inLanguage\":\"hu\",\"potentialAction\":[{\"@type\":\"ReadAction\",\"target\":[\"https:\\\/\\\/cruisecarrentals.com\\\/about\\\/\"]}]},{\"@type\":\"WebSite\",\"@id\":\"https:\\\/\\\/cruisecarrentals.com\\\/en\\\/#website\",\"url\":\"https:\\\/\\\/cruisecarrentals.com\\\/en\\\/\",\"name\":\"Cruise Car Rental\",\"description\":\"Rent A Car or Request a Taxi in Cyprus\",\"publisher\":{\"@id\":\"https:\\\/\\\/cruisecarrentals.com\\\/en\\\/#organization\"},\"potentialAction\":[{\"@type\":\"SearchAction\",\"target\":{\"@type\":\"EntryPoint\",\"urlTemplate\":\"https:\\\/\\\/cruisecarrentals.com\\\/en\\\/?s={search_term_string}\"},\"query-input\":{\"@type\":\"PropertyValueSpecification\",\"valueRequired\":true,\"valueName\":\"search_term_string\"}}],\"inLanguage\":\"hu\"},{\"@type\":\"Organization\",\"@id\":\"https:\\\/\\\/cruisecarrentals.com\\\/en\\\/#organization\",\"name\":\"Cruise Car Rental\",\"url\":\"https:\\\/\\\/cruisecarrentals.com\\\/en\\\/\",\"logo\":{\"@type\":\"ImageObject\",\"inLanguage\":\"hu\",\"@id\":\"https:\\\/\\\/cruisecarrentals.com\\\/en\\\/#\\\/schema\\\/logo\\\/image\\\/\",\"url\":\"https:\\\/\\\/cruisecr.com\\\/wp-content\\\/uploads\\\/2023\\\/09\\\/TG-JrentalcarlogosYELLOW.png\",\"contentUrl\":\"https:\\\/\\\/cruisecr.com\\\/wp-content\\\/uploads\\\/2023\\\/09\\\/TG-JrentalcarlogosYELLOW.png\",\"width\":3508,\"height\":3508,\"caption\":\"Cruise Car Rental\"},\"image\":{\"@id\":\"https:\\\/\\\/cruisecarrentals.com\\\/en\\\/#\\\/schema\\\/logo\\\/image\\\/\"}}]}<\/script>\n<!-- \/ Yoast SEO plugin. -->","yoast_head_json":{"title":"About - Cruise Car Rental","robots":{"index":"index","follow":"follow","max-snippet":"max-snippet:-1","max-image-preview":"max-image-preview:large","max-video-preview":"max-video-preview:-1"},"canonical":"https:\/\/cruisecarrentals.com\/hu\/about\/","og_locale":"hu_HU","og_type":"article","og_title":"About - Cruise Car Rental","og_url":"https:\/\/cruisecarrentals.com\/hu\/about\/","og_site_name":"Cruise Car Rental","article_modified_time":"2023-09-13T11:13:34+00:00","twitter_card":"summary_large_image","twitter_misc":{"Becs\u00fclt olvas\u00e1si id\u0151":"3 perc"},"schema":{"@context":"https:\/\/schema.org","@graph":[{"@type":"WebPage","@id":"https:\/\/cruisecarrentals.com\/about\/","url":"https:\/\/cruisecarrentals.com\/about\/","name":"About - Cruise Car Rental","isPartOf":{"@id":"https:\/\/cruisecarrentals.com\/en\/#website"},"datePublished":"2017-01-26T10:40:04+00:00","dateModified":"2023-09-13T11:13:34+00:00","inLanguage":"hu","potentialAction":[{"@type":"ReadAction","target":["https:\/\/cruisecarrentals.com\/about\/"]}]},{"@type":"WebSite","@id":"https:\/\/cruisecarrentals.com\/en\/#website","url":"https:\/\/cruisecarrentals.com\/en\/","name":"Cruise Car Rental","description":"Rent A Car or Request a Taxi in Cyprus","publisher":{"@id":"https:\/\/cruisecarrentals.com\/en\/#organization"},"potentialAction":[{"@type":"SearchAction","target":{"@type":"EntryPoint","urlTemplate":"https:\/\/cruisecarrentals.com\/en\/?s={search_term_string}"},"query-input":{"@type":"PropertyValueSpecification","valueRequired":true,"valueName":"search_term_string"}}],"inLanguage":"hu"},{"@type":"Organization","@id":"https:\/\/cruisecarrentals.com\/en\/#organization","name":"Cruise Car Rental","url":"https:\/\/cruisecarrentals.com\/en\/","logo":{"@type":"ImageObject","inLanguage":"hu","@id":"https:\/\/cruisecarrentals.com\/en\/#\/schema\/logo\/image\/","url":"https:\/\/cruisecr.com\/wp-content\/uploads\/2023\/09\/TG-JrentalcarlogosYELLOW.png","contentUrl":"https:\/\/cruisecr.com\/wp-content\/uploads\/2023\/09\/TG-JrentalcarlogosYELLOW.png","width":3508,"height":3508,"caption":"Cruise Car Rental"},"image":{"@id":"https:\/\/cruisecarrentals.com\/en\/#\/schema\/logo\/image\/"}}]}},"jetpack_sharing_enabled":true,"_links":{"self":[{"href":"https:\/\/cruisecarrentals.com\/hu\/wp-json\/wp\/v2\/pages\/405","targetHints":{"allow":["GET"]}}],"collection":[{"href":"https:\/\/cruisecarrentals.com\/hu\/wp-json\/wp\/v2\/pages"}],"about":[{"href":"https:\/\/cruisecarrentals.com\/hu\/wp-json\/wp\/v2\/types\/page"}],"author":[{"embeddable":true,"href":"https:\/\/cruisecarrentals.com\/hu\/wp-json\/wp\/v2\/users\/1"}],"replies":[{"embeddable":true,"href":"https:\/\/cruisecarrentals.com\/hu\/wp-json\/wp\/v2\/comments?post=405"}],"version-history":[{"count":0,"href":"https:\/\/cruisecarrentals.com\/hu\/wp-json\/wp\/v2\/pages\/405\/revisions"}],"wp:attachment":[{"href":"https:\/\/cruisecarrentals.com\/hu\/wp-json\/wp\/v2\/media?parent=405"}],"curies":[{"name":"wp","href":"https:\/\/api.w.org\/{rel}","templated":true}]}}